{"id":8949,"date":"2018-05-19T08:46:58","date_gmt":"2018-05-19T08:46:58","guid":{"rendered":"https:\/\/www.able-europe.eu\/legal-english\/clerical\/correspondence\/"},"modified":"2018-11-28T21:30:09","modified_gmt":"2018-11-28T20:30:09","slug":"correspondence","status":"publish","type":"page","link":"https:\/\/www.able-europe.eu\/en\/legal-english\/clerical\/correspondence\/","title":{"rendered":"Correspondence"},"content":{"rendered":"<p>[et_pb_section bb_built=&#8221;1&#8243; fullwidth=&#8221;on&#8221; _builder_version=&#8221;3.0.72&#8243; custom_css_main_element=&#8221;border-bottom: 10px solid #f4f4f4;&#8221; next_background_color=&#8221;#000000&#8243;][et_pb_fullwidth_slider admin_label=&#8221;Title Header&#8221; _builder_version=&#8221;3.8&#8243; custom_padding=&#8221;|||&#8221; box_shadow_blur=&#8221;10px&#8221; box_shadow_color=&#8221;rgba(0,0,0,0.1)&#8221; header_level=&#8221;h1&#8243; button_text_size__hover_enabled=&#8221;off&#8221; button_text_size__hover=&#8221;null&#8221; button_one_text_size__hover_enabled=&#8221;off&#8221; button_one_text_size__hover=&#8221;null&#8221; button_two_text_size__hover_enabled=&#8221;off&#8221; button_two_text_size__hover=&#8221;null&#8221; button_text_color__hover_enabled=&#8221;off&#8221; button_text_color__hover=&#8221;null&#8221; button_one_text_color__hover_enabled=&#8221;off&#8221; button_one_text_color__hover=&#8221;null&#8221; button_two_text_color__hover_enabled=&#8221;off&#8221; button_two_text_color__hover=&#8221;null&#8221; button_border_width__hover_enabled=&#8221;off&#8221; button_border_width__hover=&#8221;null&#8221; button_one_border_width__hover_enabled=&#8221;off&#8221; button_one_border_width__hover=&#8221;null&#8221; button_two_border_width__hover_enabled=&#8221;off&#8221; button_two_border_width__hover=&#8221;null&#8221; button_border_color__hover_enabled=&#8221;off&#8221; button_border_color__hover=&#8221;null&#8221; button_one_border_color__hover_enabled=&#8221;off&#8221; button_one_border_color__hover=&#8221;null&#8221; button_two_border_color__hover_enabled=&#8221;off&#8221; button_two_border_color__hover=&#8221;null&#8221; button_border_radius__hover_enabled=&#8221;off&#8221; button_border_radius__hover=&#8221;null&#8221; button_one_border_radius__hover_enabled=&#8221;off&#8221; button_one_border_radius__hover=&#8221;null&#8221; button_two_border_radius__hover_enabled=&#8221;off&#8221; button_two_border_radius__hover=&#8221;null&#8221; button_letter_spacing__hover_enabled=&#8221;off&#8221; button_letter_spacing__hover=&#8221;null&#8221; button_one_letter_spacing__hover_enabled=&#8221;off&#8221; button_one_letter_spacing__hover=&#8221;null&#8221; button_two_letter_spacing__hover_enabled=&#8221;off&#8221; button_two_letter_spacing__hover=&#8221;null&#8221; button_bg_color__hover_enabled=&#8221;off&#8221; button_bg_color__hover=&#8221;null&#8221; button_one_bg_color__hover_enabled=&#8221;off&#8221; button_one_bg_color__hover=&#8221;null&#8221; button_two_bg_color__hover_enabled=&#8221;off&#8221; button_two_bg_color__hover=&#8221;null&#8221;][et_pb_slide heading=&#8221;Legal English Correspondence &#8221; background_image=&#8221;https:\/\/www.able-europe.eu\/wp-content\/uploads\/2016\/09\/legalenglish_kanzleikorrespondenz.jpg&#8221; background_size=&#8221;initial&#8221; use_bg_overlay=&#8221;on&#8221; bg_overlay_color=&#8221;rgba(0,0,0,0.49)&#8221; use_text_overlay=&#8221;off&#8221; admin_title=&#8221;Title Header&#8221; _builder_version=&#8221;3.8&#8243; header_font=&#8221;||||&#8221; header_text_color=&#8221;#ffffff&#8221; body_font=&#8221;||||&#8221; custom_button=&#8221;off&#8221; button_on_hover=&#8221;on&#8221; use_background_color_gradient=&#8221;off&#8221; background_color_gradient_start=&#8221;#2b87da&#8221; background_color_gradient_end=&#8221;#29c4a9&#8243; background_color_gradient_type=&#8221;linear&#8221; background_color_gradient_direction=&#8221;180deg&#8221; background_color_gradient_direction_radial=&#8221;center&#8221; background_color_gradient_start_position=&#8221;0%&#8221; background_color_gradient_end_position=&#8221;100%&#8221; parallax=&#8221;off&#8221; parallax_method=&#8221;on&#8221; background_position=&#8221;center&#8221; background_repeat=&#8221;no-repeat&#8221; background_blend=&#8221;normal&#8221; allow_player_pause=&#8221;off&#8221; alignment=&#8221;center&#8221; text_border_radius=&#8221;3&#8243; background_layout=&#8221;dark&#8221; header_font_select=&#8221;default&#8221; body_font_select=&#8221;default&#8221; button_bg_use_color_gradient=&#8221;off&#8221; button_font_select=&#8221;default&#8221; button_font=&#8221;||||&#8221; button_use_icon=&#8221;on&#8221; button_link=&#8221;#&#8221; background_color=&#8221;rgba(255,255,255,0)&#8221; background_color_gradient_overlays_image=&#8221;off&#8221; background_video_pause_outside_viewport=&#8221;on&#8221; child_filter_hue_rotate=&#8221;0deg&#8221; child_filter_saturate=&#8221;100%&#8221; child_filter_brightness=&#8221;100%&#8221; child_filter_contrast=&#8221;100%&#8221; child_filter_invert=&#8221;0%&#8221; child_filter_sepia=&#8221;0%&#8221; child_filter_opacity=&#8221;100%&#8221; child_filter_blur=&#8221;0px&#8221; child_mix_blend_mode=&#8221;normal&#8221; text_shadow_style=&#8221;none&#8221; header_text_shadow_style=&#8221;none&#8221; body_text_shadow_style=&#8221;none&#8221; button_bg_color_gradient_overlays_image=&#8221;off&#8221; button_text_shadow_style=&#8221;none&#8221; box_shadow_style_button=&#8221;none&#8221; text_shadow_horizontal_length=&#8221;0em&#8221; text_shadow_vertical_length=&#8221;0em&#8221; text_shadow_blur_strength=&#8221;0em&#8221; header_text_shadow_horizontal_length=&#8221;0em&#8221; header_text_shadow_vertical_length=&#8221;0em&#8221; header_text_shadow_blur_strength=&#8221;0em&#8221; body_text_shadow_horizontal_length=&#8221;0em&#8221; body_text_shadow_vertical_length=&#8221;0em&#8221; body_text_shadow_blur_strength=&#8221;0em&#8221; button_text_shadow_horizontal_length=&#8221;0em&#8221; button_text_shadow_vertical_length=&#8221;0em&#8221; button_text_shadow_blur_strength=&#8221;0em&#8221;]<\/p>\n<p class=\"sub-heading\">Der Kurs Legal English Kanzleikorrespondenz ist genau auf Ihre beruflichen Bed\u00fcrfnisse zugeschnitten.<\/p>\n<p>[\/et_pb_slide][\/et_pb_fullwidth_slider][\/et_pb_section][et_pb_section bb_built=&#8221;1&#8243; _builder_version=&#8221;3.0.47&#8243; prev_background_color=&#8221;#000000&#8243; next_background_color=&#8221;#002768&#8243;][et_pb_row background_repeat_1=&#8221;no-repeat&#8221; background_repeat_2=&#8221;no-repeat&#8221; _builder_version=&#8221;3.0.72&#8243;][et_pb_column type=&#8221;3_4&#8243;][et_pb_text module_class=&#8221;lhs-border&#8221; _builder_version=&#8221;3.2&#8243; custom_padding=&#8221;||20px|&#8221;]<\/p>\n<h3>Legal English Kanzleikorrespondenz Kurse<\/h3>\n<p><strong>Legal English Kanzleikorrespondenz Kurse\u00a0<\/strong>sind genau auf ihre Bed\u00fcrfnisse zugeschnitten, denn wir bieten diese Trainings in vielen Varianten an: Inhouse, in der Zweier- oder Kleingruppe, als Nutshell (Kompaktseminar) oder auch als Einzelcoaching. Und das zu vern\u00fcnftigen Preisen.\u00a0<\/p>\n<p>[\/et_pb_text][et_pb_text module_class=&#8221;lhs-border&#8221; _builder_version=&#8221;3.2&#8243; custom_padding=&#8221;||20px|&#8221; animation_style=&#8221;fade&#8221;]<\/p>\n<h3>Legal English M\u00fcnchen Kanzleikorrespondenz Kursinhalte:<\/h3>\n<ol style=\"list-style-type: lower-roman;\">\n<li>Letter-Writing Conventions<\/li>\n<li>Wie man den Brief beginnt.<\/li>\n<li>Wie man den Brief beendet.<\/li>\n<li>Typische Layoutregeln<\/li>\n<li>Britische vs. Amerikanische Unterschiede in den obigen Konventionen.<\/li>\n<\/ol>\n<p>[\/et_pb_text][et_pb_text module_class=&#8221;lhs-border&#8221; _builder_version=&#8221;3.2&#8243; custom_padding=&#8221;||20px|&#8221; animation_style=&#8221;fade&#8221;]<\/p>\n<h3>Planung des Briefinhalts \u2013 das AIDA-Prinzip<\/h3>\n<ol style=\"list-style-type: lower-roman;\">\n<li>Gedanken ordnen &#8211; Was, wem und warum ich schreibe.<\/li>\n<li>Gestaltung des Anfangs.<\/li>\n<li>Mit dem Inhalt vertraut werden; den Inhalt kennen. Jetzt strukturiere ich ihn \u00fcber den Absatz.<\/li>\n<li>Meine Abs\u00e4tze sind wohl zu lang oder zu kurz: Topic sentences und deren Entwicklung.<\/li>\n<li>Mein Brief soll flie\u00dfen: Ich verbinde meine Abs\u00e4tze mit \u00dcbergangsformulierungen.<\/li>\n<\/ol>\n<p>[\/et_pb_text][et_pb_text module_class=&#8221;lhs-border&#8221; _builder_version=&#8221;3.2&#8243; custom_padding=&#8221;||20px|&#8221; animation_style=&#8221;fade&#8221;]<\/p>\n<h3>Der richtige Ton<\/h3>\n<ol style=\"list-style-type: lower-roman;\">\n<li>Der richtige Ausdruck zur richtigen Zeit: Formalismen unter die Lupe genommen.<\/li>\n<li>Lieber nicht: Umgangssprache, Slang, direkte Drohungen, Unh\u00f6flichkeit.<\/li>\n<li>Lieber doch: Warnungen und unangenehme rechtliche Folgen h\u00f6flich formulieren.<\/li>\n<li>Ich formuliere Anregungen, Ratschl\u00e4ge, Alternativen, Drohungen, Zur\u00fcckweisungen.<\/li>\n<li>Ich setze bewusst Nominal- und Verbalstil ein.<\/li>\n<\/ol>\n<p>[\/et_pb_text][et_pb_text module_class=&#8221;lhs-border&#8221; _builder_version=&#8221;3.2&#8243; custom_padding=&#8221;||20px|&#8221; animation_style=&#8221;fade&#8221;]<\/p>\n<h3>Ihr Plus<\/h3>\n<ol style=\"list-style-type: lower-roman;\">\n<li>Sie arbeiten mit authentischen Kanzleibriefen und k\u00f6nnen gerne Ihre eigenen Briefe (nat\u00fcrlich anonym) zur Besprechung zum Workshop bringen. Somit k\u00f6nnen wir den Workshop noch praxisnaher gestalten.<\/li>\n<li>Nach dem Seminar korrigiert der Fachreferent f\u00fcnf Ihrer Briefe, selbstverst\u00e4ndlich unentgeltlich f\u00fcr Sie.<\/li>\n<li>Sie erwerben wichtige Kenntnisse \u00fcber die Unterschiede zwischen der deutschen und der angels\u00e4chsischen Rechtskorrespondenz, denn diese unterscheidet sich ma\u00dfgeblich.<\/li>\n<li>Alle Lehrmaterialien erhalten Sie umsonst von ABLE.<\/li>\n<li>Positives Feedback. Ihr Anwalt wird die Verbesserung Ihres Sprachschatzes positiv kommentieren, dabei sind Lobf\u00e4higkeit und gute Englischkenntnisse vorausgesetzt. Im n\u00e4chsten Mitarbeitergespr\u00e4ch sollen Sie ruhig Ihre Investition und Ihr Engagement ansprechen.<\/li>\n<\/ol>\n<p>[\/et_pb_text][\/et_pb_column][et_pb_column type=&#8221;1_4&#8243;][et_pb_sidebar admin_label=&#8221;Sidebar (legal blog)&#8221; orientation=&#8221;right&#8221; area=&#8221;et_pb_widget_area_2&#8243; remove_border=&#8221;on&#8221; module_class=&#8221;side-button&#8221; _builder_version=&#8221;3.0.72&#8243; custom_css_widget=&#8221;border-left: 3px solid #f4f4f4;||padding-left: 20px;||padding-top: 10px;&#8221; custom_css_title=&#8221;color: #002768;&#8221; global_module=&#8221;7540&#8243; saved_tabs=&#8221;all&#8221; show_border=&#8221;off&#8221; \/][et_pb_sidebar admin_label=&#8221;Sidebar (contact)&#8221; orientation=&#8221;right&#8221; area=&#8221;et_pb_widget_area_3&#8243; remove_border=&#8221;on&#8221; module_id=&#8221;sticker&#8221; module_class=&#8221;side-button&#8221; _builder_version=&#8221;3.0.72&#8243; header_font=&#8221;||||&#8221; header_font_size_tablet=&#8221;18&#8243; header_font_size_phone=&#8221;18&#8243; header_letter_spacing_tablet=&#8221;0px&#8221; header_letter_spacing_phone=&#8221;0px&#8221; header_line_height_tablet=&#8221;1em&#8221; header_line_height_phone=&#8221;1em&#8221; body_font=&#8221;||||&#8221; body_font_size_tablet=&#8221;14&#8243; body_font_size_phone=&#8221;14&#8243; body_letter_spacing_tablet=&#8221;0px&#8221; body_letter_spacing_phone=&#8221;0px&#8221; body_line_height_tablet=&#8221;1.7em&#8221; body_line_height_phone=&#8221;1.7em&#8221; custom_css_widget=&#8221;border-left: 3px solid #f4f4f4;||padding-left: 20px;||padding-top: 10px;&#8221; custom_css_title=&#8221;color: #002768;&#8221; global_module=&#8221;7507&#8243; saved_tabs=&#8221;all&#8221; show_border=&#8221;on&#8221; \/][\/et_pb_column][\/et_pb_row][\/et_pb_section][et_pb_section bb_built=&#8221;1&#8243; _builder_version=&#8221;3.0.77&#8243; background_color=&#8221;#002768&#8243; custom_padding=&#8221;0||10px||false|false&#8221; prev_background_color=&#8221;#ffffff&#8221; global_module=&#8221;7373&#8243;][et_pb_row global_parent=&#8221;7373&#8243; custom_padding=&#8221;17px|0px|15px|0px|false|false&#8221; background_repeat_1=&#8221;no-repeat&#8221; background_repeat_2=&#8221;no-repeat&#8221; _builder_version=&#8221;3.0.72&#8243;][et_pb_column type=&#8221;3_4&#8243;][et_pb_text global_parent=&#8221;7373&#8243; module_class=&#8221;lhs-border&#8221; _builder_version=&#8221;3.17.2&#8243; custom_padding=&#8221;||20px|&#8221;]<\/p>\n<h2>\u00a0<\/h2>\n<p>\u00a0<\/p>\n<p>[\/et_pb_text][et_pb_text global_parent=&#8221;7373&#8243; module_class=&#8221;lhs-border&#8221; _builder_version=&#8221;3.17.2&#8243; custom_padding=&#8221;||20px|&#8221; animation_style=&#8221;fade&#8221; \/][et_pb_text global_parent=&#8221;7373&#8243; module_class=&#8221;lhs-border&#8221; _builder_version=&#8221;3.17.2&#8243; custom_padding=&#8221;||20px|&#8221; animation_style=&#8221;fade&#8221; \/][et_pb_text global_parent=&#8221;7373&#8243; module_class=&#8221;lhs-border&#8221; _builder_version=&#8221;3.17.2&#8243; custom_padding=&#8221;||20px|&#8221; \/][\/et_pb_column][et_pb_column type=&#8221;1_4&#8243;][et_pb_sidebar admin_label=&#8221;Sidebar (business blog)&#8221; global_parent=&#8221;7373&#8243; orientation=&#8221;right&#8221; area=&#8221;et_pb_widget_area_1&#8243; show_border=&#8221;off&#8221; module_class=&#8221;side-button&#8221; _builder_version=&#8221;3.0.74&#8243; header_font=&#8221;||||&#8221; header_font_size_tablet=&#8221;18&#8243; header_font_size_phone=&#8221;18&#8243; header_letter_spacing_tablet=&#8221;0px&#8221; header_letter_spacing_phone=&#8221;0px&#8221; header_line_height_tablet=&#8221;1em&#8221; header_line_height_phone=&#8221;1em&#8221; body_font=&#8221;||||&#8221; body_font_size_tablet=&#8221;14&#8243; body_font_size_phone=&#8221;14&#8243; body_letter_spacing_tablet=&#8221;0px&#8221; body_letter_spacing_phone=&#8221;0px&#8221; body_line_height_tablet=&#8221;1.7em&#8221; body_line_height_phone=&#8221;1.7em&#8221; custom_css_widget=&#8221;border-left: 3px solid #f4f4f4;||padding-left: 20px;||padding-top: 10px;&#8221; custom_css_title=&#8221;color: #002768;&#8221; remove_border=&#8221;on&#8221; saved_tabs=&#8221;all&#8221; template_type=&#8221;module&#8221; \/][et_pb_sidebar admin_label=&#8221;Sidebar (contact)&#8221; global_parent=&#8221;7373&#8243; orientation=&#8221;right&#8221; area=&#8221;et_pb_widget_area_3&#8243; show_border=&#8221;off&#8221; module_id=&#8221;sticker&#8221; module_class=&#8221;side-button&#8221; _builder_version=&#8221;3.9&#8243; header_font=&#8221;||||&#8221; header_font_size_tablet=&#8221;18&#8243; header_font_size_phone=&#8221;18&#8243; header_letter_spacing_tablet=&#8221;0px&#8221; header_letter_spacing_phone=&#8221;0px&#8221; header_line_height_tablet=&#8221;1em&#8221; header_line_height_phone=&#8221;1em&#8221; body_font=&#8221;||||&#8221; body_font_size_tablet=&#8221;14&#8243; body_font_size_phone=&#8221;14&#8243; body_letter_spacing_tablet=&#8221;0px&#8221; body_letter_spacing_phone=&#8221;0px&#8221; body_line_height_tablet=&#8221;1.7em&#8221; body_line_height_phone=&#8221;1.7em&#8221; custom_css_widget=&#8221;border-left: 3px solid #f4f4f4;||padding-left: 20px;||padding-top: 10px;&#8221; custom_css_title=&#8221;color: #002768;&#8221; remove_border=&#8221;on&#8221; saved_tabs=&#8221;all&#8221; template_type=&#8221;module&#8221; \/][\/et_pb_column][\/et_pb_row][et_pb_row global_parent=&#8221;7373&#8243; _builder_version=&#8221;3.0.47&#8243; background_size=&#8221;initial&#8221; background_position=&#8221;top_left&#8221; background_repeat=&#8221;repeat&#8221;][et_pb_column type=&#8221;4_4&#8243;][et_pb_text global_parent=&#8221;7373&#8243; _builder_version=&#8221;3.2&#8243; text_font=&#8221;|on|||&#8221; text_orientation=&#8221;center&#8221; background_layout=&#8221;dark&#8221; module_alignment=&#8221;center&#8221;]<\/p>\n<div>Profitieren Sie noch heute von unseren qualitativ hochwertigen und effektiven Sprachkursen!<\/div>\n<p>[\/et_pb_text][\/et_pb_column][\/et_pb_row][et_pb_row global_parent=&#8221;7373&#8243; _builder_version=&#8221;3.0.47&#8243; background_size=&#8221;initial&#8221; background_position=&#8221;top_left&#8221; background_repeat=&#8221;repeat&#8221;][et_pb_column type=&#8221;1_4&#8243;][\/et_pb_column][et_pb_column type=&#8221;1_2&#8243;][et_pb_button admin_label=&#8221;Book Button&#8221; global_parent=&#8221;7373&#8243; button_url=&#8221;https:\/\/www.able-europe.eu\/en\/bookings\/&#8221; button_text=&#8221;BOOK A COURSE&#8221; button_alignment=&#8221;center&#8221; _builder_version=&#8221;3.16&#8243; custom_button=&#8221;on&#8221; button_text_size=&#8221;36&#8243; button_text_color=&#8221;#ffffff&#8221; button_bg_color=&#8221;#bf0b32&#8243; button_border_width=&#8221;0&#8243; button_use_icon=&#8221;off&#8221; button_text_size_tablet=&#8221;30&#8243; button_text_size_phone=&#8221;20&#8243; button_text_size_last_edited=&#8221;on|desktop&#8221; background_layout=&#8221;dark&#8221; button_text_color_hover=&#8221;#ffffff&#8221; button_bg_color_hover=&#8221;#000000&#8243; button_text_size__hover_enabled=&#8221;off&#8221; button_text_size__hover=&#8221;null&#8221; button_one_text_size__hover_enabled=&#8221;off&#8221; button_one_text_size__hover=&#8221;null&#8221; button_two_text_size__hover_enabled=&#8221;off&#8221; button_two_text_size__hover=&#8221;null&#8221; button_text_color__hover_enabled=&#8221;on&#8221; button_text_color__hover=&#8221;#ffffff&#8221; button_one_text_color__hover_enabled=&#8221;off&#8221; button_one_text_color__hover=&#8221;null&#8221; button_two_text_color__hover_enabled=&#8221;off&#8221; button_two_text_color__hover=&#8221;null&#8221; button_border_width__hover_enabled=&#8221;off&#8221; button_border_width__hover=&#8221;null&#8221; button_one_border_width__hover_enabled=&#8221;off&#8221; button_one_border_width__hover=&#8221;null&#8221; button_two_border_width__hover_enabled=&#8221;off&#8221; button_two_border_width__hover=&#8221;null&#8221; button_border_color__hover_enabled=&#8221;off&#8221; button_border_color__hover=&#8221;null&#8221; button_one_border_color__hover_enabled=&#8221;off&#8221; button_one_border_color__hover=&#8221;null&#8221; button_two_border_color__hover_enabled=&#8221;off&#8221; button_two_border_color__hover=&#8221;null&#8221; button_border_radius__hover_enabled=&#8221;off&#8221; button_border_radius__hover=&#8221;null&#8221; button_one_border_radius__hover_enabled=&#8221;off&#8221; button_one_border_radius__hover=&#8221;null&#8221; button_two_border_radius__hover_enabled=&#8221;off&#8221; button_two_border_radius__hover=&#8221;null&#8221; button_letter_spacing__hover_enabled=&#8221;off&#8221; button_letter_spacing__hover=&#8221;null&#8221; button_one_letter_spacing__hover_enabled=&#8221;off&#8221; button_one_letter_spacing__hover=&#8221;null&#8221; button_two_letter_spacing__hover_enabled=&#8221;off&#8221; button_two_letter_spacing__hover=&#8221;null&#8221; button_bg_color__hover_enabled=&#8221;on&#8221; button_bg_color__hover=&#8221;#000000&#8243; button_one_bg_color__hover_enabled=&#8221;off&#8221; button_one_bg_color__hover=&#8221;null&#8221; button_two_bg_color__hover_enabled=&#8221;off&#8221; button_two_bg_color__hover=&#8221;null&#8221; \/][\/et_pb_column][et_pb_column type=&#8221;1_4&#8243;][\/et_pb_column][\/et_pb_row][\/et_pb_section]<\/p>\n","protected":false},"excerpt":{"rendered":"<p>[et_pb_section bb_built=&#8221;1&#8243; fullwidth=&#8221;on&#8221; _builder_version=&#8221;3.0.72&#8243; custom_css_main_element=&#8221;border-bottom: 10px solid #f4f4f4;&#8221; next_background_color=&#8221;#000000&#8243;][et_pb_fullwidth_slider admin_label=&#8221;Title Header&#8221; _builder_version=&#8221;3.8&#8243; custom_padding=&#8221;|||&#8221; box_shadow_blur=&#8221;10px&#8221; box_shadow_color=&#8221;rgba(0,0,0,0.1)&#8221; header_level=&#8221;h1&#8243; button_text_size__hover_enabled=&#8221;off&#8221; button_text_size__hover=&#8221;null&#8221; button_one_text_size__hover_enabled=&#8221;off&#8221; button_one_text_size__hover=&#8221;null&#8221; button_two_text_size__hover_enabled=&#8221;off&#8221; button_two_text_size__hover=&#8221;null&#8221; button_text_color__hover_enabled=&#8221;off&#8221; button_text_color__hover=&#8221;null&#8221; button_one_text_color__hover_enabled=&#8221;off&#8221; button_one_text_color__hover=&#8221;null&#8221; button_two_text_color__hover_enabled=&#8221;off&#8221; button_two_text_color__hover=&#8221;null&#8221; button_border_width__hover_enabled=&#8221;off&#8221; button_border_width__hover=&#8221;null&#8221; button_one_border_width__hover_enabled=&#8221;off&#8221; button_one_border_width__hover=&#8221;null&#8221; button_two_border_width__hover_enabled=&#8221;off&#8221; button_two_border_width__hover=&#8221;null&#8221; button_border_color__hover_enabled=&#8221;off&#8221; button_border_color__hover=&#8221;null&#8221; button_one_border_color__hover_enabled=&#8221;off&#8221; button_one_border_color__hover=&#8221;null&#8221; button_two_border_color__hover_enabled=&#8221;off&#8221; button_two_border_color__hover=&#8221;null&#8221; button_border_radius__hover_enabled=&#8221;off&#8221; button_border_radius__hover=&#8221;null&#8221; button_one_border_radius__hover_enabled=&#8221;off&#8221; button_one_border_radius__hover=&#8221;null&#8221; button_two_border_radius__hover_enabled=&#8221;off&#8221; button_two_border_radius__hover=&#8221;null&#8221; button_letter_spacing__hover_enabled=&#8221;off&#8221; button_letter_spacing__hover=&#8221;null&#8221; button_one_letter_spacing__hover_enabled=&#8221;off&#8221; button_one_letter_spacing__hover=&#8221;null&#8221; button_two_letter_spacing__hover_enabled=&#8221;off&#8221; button_two_letter_spacing__hover=&#8221;null&#8221; button_bg_color__hover_enabled=&#8221;off&#8221; button_bg_color__hover=&#8221;null&#8221; button_one_bg_color__hover_enabled=&#8221;off&#8221; [&hellip;]<\/p>\n","protected":false},"author":10,"featured_media":0,"parent":8805,"menu_order":53,"comment_status":"closed","ping_status":"closed","template":"","meta":{"_et_pb_use_builder":"on","_et_pb_old_content":"","_et_gb_content_width":"","_links_to":"","_links_to_target":""},"_links":{"self":[{"href":"https:\/\/www.able-europe.eu\/en\/wp-json\/wp\/v2\/pages\/8949\/"}],"collection":[{"href":"https:\/\/www.able-europe.eu\/en\/wp-json\/wp\/v2\/pages\/"}],"about":[{"href":"https:\/\/www.able-europe.eu\/en\/wp-json\/wp\/v2\/types\/page\/"}],"author":[{"embeddable":true,"href":"https:\/\/www.able-europe.eu\/en\/wp-json\/wp\/v2\/users\/10\/"}],"replies":[{"embeddable":true,"href":"https:\/\/www.able-europe.eu\/en\/wp-json\/wp\/v2\/comments\/?post=8949"}],"version-history":[{"count":22,"href":"https:\/\/www.able-europe.eu\/en\/wp-json\/wp\/v2\/pages\/8949\/revisions\/"}],"predecessor-version":[{"id":10893,"href":"https:\/\/www.able-europe.eu\/en\/wp-json\/wp\/v2\/pages\/8949\/revisions\/10893\/"}],"up":[{"embeddable":true,"href":"https:\/\/www.able-europe.eu\/en\/wp-json\/wp\/v2\/pages\/8805\/"}],"wp:attachment":[{"href":"https:\/\/www.able-europe.eu\/en\/wp-json\/wp\/v2\/media\/?parent=8949"}],"curies":[{"name":"wp","href":"https:\/\/api.w.org\/{rel}","templated":true}]}}