{"id":8805,"date":"2018-05-18T12:33:54","date_gmt":"2018-05-18T12:33:54","guid":{"rendered":"https:\/\/www.able-europe.eu\/legal-english\/clerical\/"},"modified":"2019-03-19T12:34:47","modified_gmt":"2019-03-19T11:34:47","slug":"clerical","status":"publish","type":"page","link":"https:\/\/www.able-europe.eu\/en\/legal-english\/clerical\/","title":{"rendered":"Legal English for Law Firm Employees"},"content":{"rendered":"<p>[et_pb_section fb_built=&#8221;1&#8243; fullwidth=&#8221;on&#8221; _builder_version=&#8221;3.0.72&#8243; custom_css_main_element=&#8221;border-bottom: 10px solid #f4f4f4;&#8221;][et_pb_fullwidth_slider admin_label=&#8221;Title Header&#8221; _builder_version=&#8221;3.17.2&#8243; header_level=&#8221;h1&#8243; custom_padding=&#8221;|||&#8221; button_text_size__hover_enabled=&#8221;off&#8221; button_text_size__hover=&#8221;null&#8221; button_one_text_size__hover_enabled=&#8221;off&#8221; button_one_text_size__hover=&#8221;null&#8221; button_two_text_size__hover_enabled=&#8221;off&#8221; button_two_text_size__hover=&#8221;null&#8221; button_text_color__hover_enabled=&#8221;off&#8221; button_text_color__hover=&#8221;null&#8221; button_one_text_color__hover_enabled=&#8221;off&#8221; button_one_text_color__hover=&#8221;null&#8221; button_two_text_color__hover_enabled=&#8221;off&#8221; button_two_text_color__hover=&#8221;null&#8221; button_border_width__hover_enabled=&#8221;off&#8221; button_border_width__hover=&#8221;null&#8221; button_one_border_width__hover_enabled=&#8221;off&#8221; button_one_border_width__hover=&#8221;null&#8221; button_two_border_width__hover_enabled=&#8221;off&#8221; button_two_border_width__hover=&#8221;null&#8221; button_border_color__hover_enabled=&#8221;off&#8221; button_border_color__hover=&#8221;null&#8221; button_one_border_color__hover_enabled=&#8221;off&#8221; button_one_border_color__hover=&#8221;null&#8221; button_two_border_color__hover_enabled=&#8221;off&#8221; button_two_border_color__hover=&#8221;null&#8221; button_border_radius__hover_enabled=&#8221;off&#8221; button_border_radius__hover=&#8221;null&#8221; button_one_border_radius__hover_enabled=&#8221;off&#8221; button_one_border_radius__hover=&#8221;null&#8221; button_two_border_radius__hover_enabled=&#8221;off&#8221; button_two_border_radius__hover=&#8221;null&#8221; button_letter_spacing__hover_enabled=&#8221;off&#8221; button_letter_spacing__hover=&#8221;null&#8221; button_one_letter_spacing__hover_enabled=&#8221;off&#8221; button_one_letter_spacing__hover=&#8221;null&#8221; button_two_letter_spacing__hover_enabled=&#8221;off&#8221; button_two_letter_spacing__hover=&#8221;null&#8221; button_bg_color__hover_enabled=&#8221;off&#8221; button_bg_color__hover=&#8221;null&#8221; button_one_bg_color__hover_enabled=&#8221;off&#8221; button_one_bg_color__hover=&#8221;null&#8221; button_two_bg_color__hover_enabled=&#8221;off&#8221; button_two_bg_color__hover=&#8221;null&#8221;][et_pb_slide heading=&#8221;Legal English for Law Office Employees&#8221; use_bg_overlay=&#8221;on&#8221; bg_overlay_color=&#8221;rgba(0,0,0,0.49)&#8221; use_text_overlay=&#8221;off&#8221; admin_title=&#8221;Title Header&#8221; _builder_version=&#8221;3.17.2&#8243; header_font=&#8221;||||&#8221; header_text_color=&#8221;#ffffff&#8221; body_font=&#8221;||||&#8221; background_color=&#8221;#ffffff&#8221; background_image=&#8221;https:\/\/www.able-europe.eu\/wp-content\/uploads\/2016\/07\/legalenglish_kanzleimitarbeiter-1.jpg&#8221; button_on_hover=&#8221;on&#8221;]<\/p>\n<p>Immer \u00f6fter, immer wichtiger!<\/p>\n<p>[\/et_pb_slide][et_pb_slide use_bg_overlay=&#8221;off&#8221; use_text_overlay=&#8221;off&#8221; _builder_version=&#8221;3.17.2&#8243; button_on_hover=&#8221;on&#8221;]<\/p>\n<h1>LEGAL ENGLISH KANZLEIMITARBEITER<\/h1>\n<p>[\/et_pb_slide][\/et_pb_fullwidth_slider][\/et_pb_section][et_pb_section fb_built=&#8221;1&#8243; _builder_version=&#8221;3.0.47&#8243;][et_pb_row background_repeat_1=&#8221;no-repeat&#8221; background_repeat_2=&#8221;no-repeat&#8221; _builder_version=&#8221;3.0.72&#8243;][et_pb_column type=&#8221;3_4&#8243; _builder_version=&#8221;3.0.47&#8243; parallax=&#8221;off&#8221; parallax_method=&#8221;on&#8221; background_repeat=&#8221;no-repeat&#8221;][et_pb_text module_class=&#8221;lhs-border&#8221; _builder_version=&#8221;3.19.10&#8243; custom_padding=&#8221;||20px|&#8221;]<\/p>\n<h1>LEGAL ENGLISH F\u00dcR KANZLEIMITARBEITER?<\/h1>\n<h1>F\u00dcR DIE, DIE ES WERDEN WOLLEN<\/h1>\n<p>Denkst du, du k\u00f6nntest ein Legal Eagle sein? Rechtsanwaltsfachangestellte werden von Anwaltskanzleien eingestellt, um Anw\u00e4lte und F\u00fchrungskr\u00e4fte bei der Aus\u00fcbung ihrer rechtlichen T\u00e4tigkeit zu unterst\u00fctzen.<\/p>\n<p>Als Rechtsanwaltsfachangestellte bist du Sekret\u00e4rIn\/AssistentIn &#8211; aber auch Spezialist in diesem Arbeitsbereich. Anwaltskanzleien ben\u00f6tigen viel Verwaltungsarbeit. Rechtsanwaltsfachangestellte m\u00fcssen diskret sein und auch ihr Recht kennen.<\/p>\n<h2><\/h2>\n<h3>WELCHE KANZLEIEN BEN\u00d6TIGEN LEGAL ENGLISH?<\/h3>\n<p>In einer kleineren Anwaltskanzlei entwickelst du ein allgemeines Verst\u00e4ndnis f\u00fcr ein breites Spektrum von Rechtsfragen. Da die meisten Mandanten aus der Gegend stammen werden, sprechen sie eher Deutsch als eine Fremdsprache mit dir.<\/p>\n<p>In einer gr\u00f6\u00dferen Kanzlei andererseits, ist Englisch fast so wichtig oder noch wichtiger als Deutsch. Du wirst dich eher mit einem bestimmten Rechtsgebiet in beiden Sprachen befassen und deine Kenntnisse und F\u00e4higkeiten in diesem Fachgebiet erweitern wollen.<\/p>\n<p>Ob du eine Karriere in der Gesch\u00e4fts- und B\u00fcrobranche aufbauen, oder zus\u00e4tzliche Qualifikationen und Ausbildungen absolvieren willst, um in die Rechtswelt einzusteigen, als Jurist oder als Anwalt, die Ausbildung zur Rechtsanwaltsfachangestellten ist f\u00fcr die meisten eine gro\u00dfartige Erfahrung.<\/p>\n<p>Dein Einstiegsgehalt kann aufgrund von Faktoren wie Erfahrungsstand, Ausbildung, Standort oder Unternehmensgr\u00f6\u00dfe variieren. Dein Gehalt als Rechtsanwaltsfachangestellte wird mit der Zeit steigen, wenn du F\u00e4higkeiten, Kenntnisse und Erfahrungen aufbaust.<\/p>\n<h3>WELCHE EINSTIEGSQUALIFIKATIONEN UND AUSBILDUNGEN BEN\u00d6TIGE ICH?<\/h3>\n<p>Eine ideale Kombination in Deutschland ist eine betriebswirtschaftliche Qualifikation wie die der FremdsprachenkorrespondentIn (bei guten Englischkenntnissen kann man direkt ins 2. Jahr einsteigen und somit den FKP-Abschluss in einem Jahr absolvieren) zusammen mit der ReFa-Ausbildung.<\/p>\n<p>\u00dcber die ReFa-Ausbildung erwirbst du die f\u00fcr die juristische Assistentent\u00e4tigkeit erforderlichen spezifischen Kenntnisse und F\u00e4higkeiten.<\/p>\n<h3>WELCHE BERUFSERFAHRUNG IST N\u00dcTZLICH?<\/h3>\n<p>Du wirst es n\u00fctzlich finden, Rechtsanwaltsfachangestellte zu werden, wenn du bereits \u00fcber Berufserfahrung in einem B\u00fcroumfeld verf\u00fcgst Du wirst auch feststellen, dass es hilft, deine IT-Kenntnisse unter Beweis zu stellen, um Office-Software wie Word, Excel, Outlook und Powerpoint verwenden zu k\u00f6nnen. Jede Arbeitserfahrung hilft dir, korrekte Rechtschreibung, Grammatik und Interpunktion zu \u00fcben.<\/p>\n<h3><strong>ALLE Legal English Kurse bieten wir auch bei ABLE-Europe offline und \u00fcber SKYPE.<\/strong><\/h3>\n<p>Du ben\u00f6tigst mehr Sicherheit im Bereich Legal English? Kommen wir gleich zur Sache: Du beschreibst uns vorab deine Lage in der Kanzlei oder im Unternehmen. Zusammen entwickeln wir ein Programm, das deine L\u00fccken schlie\u00dft. Denn wir verwenden auf Ihre Bed\u00fcrfnisse abgestimmtes Lehrmaterial aus dem Bereich Legal English.<\/p>\n<p>Wie du bereits erfahren hast, wird eine gute Portion Selbstsicherheit in Legal English in internationalen Unternehmen erwartet. Legal English f\u00fcr Kanzleimitarbeiter ist eine karrieref\u00f6rdernde Kompetenz, die es nicht zu untersch\u00e4tzen gilt.<\/p>\n<p>Stell dir folgendes Szenario vor: Du wirst zu einem Vorstellungsgespr\u00e4ch eingeladen und bist eine\/r der zwei Kandidaten, die es in die Endrunde geschafft haben. Beide Kandidaten weisen eine \u00e4hnliche Ausbildung vor, haben einwandfreie Referenzen, \u00e4hnliche Berufserfahrungen gesammelt und eine positive Online-Pr\u00e4senz\u2026 ABER deine Hauptkonkurrente verf\u00fcgt &#8211; im Vergleich zu dir &#8211; \u00fcber solide Legal English Kenntnisse.<\/p>\n<p><strong>Mal ehrlich, wer hat wirklich die besseren Chancen, den Job zu bekommen? Wohl deine Mitbewerber, die sich mit ihren fachspezifischen Legal English-Kenntnissen einen Vorsprung verschaffen und den Personalmanager beeindrucken konnte.\u00a0<\/strong><\/p>\n<p>Nutze daher die M\u00f6glichkeit zur beruflichen und pers\u00f6nlichen Weiterbildung in unserer Academy f\u00fcr Business und Legal English! Wir bieten Kurse, die auf deine Bed\u00fcrfnisse aus dem Bereich Legal English Kurse\u00a0f\u00fcr Kanzleimitarbeiter und Angestellte zugeschnitten\u00a0sind. Unsere Trainings gilt als zielf\u00fchrend, erprobt und ma\u00dfgeschneidert.<\/p>\n<p>Wirtschaftskanzleien sind immer \u00f6fter dazu bestrebt, mit internationalen Kanzleien und Unternehmen im Ausland zusammenzuarbeiten. Weitere Herausforderungen kommen daher auf dich zu: mal schwer zu verstehende Akzente sowie ein unklarer Sprachgebrauch. Im Rahmen des Sprachtrainings bei ABLE kannst du diese und weitere in Ihrer Anwaltskanzlei anfallenden Aufgaben simulieren bzw. \u00fcben. So lernst du notwendige Formulierungen, die in solchen F\u00e4llen notwendig sind.\u00a0<\/p>\n<h4>LEGAL ENGLISH KURSE F\u00dcR SIE IN DER KANZLEI<\/h4>\n<p>Unsere Trainer stimmen Ihr Kursprogramm speziell auf Ihr Fachgebiet ab, egal ob der Schwerpunkt dabei auf dem Familien-, Arbeits-, Gesellschafts- Betriebsrecht oder \u00e4hnliches liegt. Die Vermittlung von wichtigem Fachvokabular der Rechtssprache spielt dabei ebenso eine wichtige Rolle.<\/p>\n<p>Wie uns unsere zufriedenen Teilnehmer immer wieder mitteilen, stellt sich diese Erfahrung w\u00e4hrend des Kurses als besonders positiv und erinnerungsw\u0215rdig heraus.\u00a0<\/p>\n<p>Z\u00f6gere daher nicht mehr l\u00e4nger und melde dich jetzt zum \u201eLegal English Kurs f\u00fcr Juristen\u201d\u00a0oder\/und \u201eLegal English Kurse f\u00fcr Kanzleimitarbeiter\u201d an! Die Zeit ist reif, du wirst es nicht bereuen! Nimm deine Karriere aktiv in den Griff und vertiefe deine Legal English Office-Kenntnisse.<\/p>\n<p>Diese befindet sich direkt im Herzen M\u00fcnchens (nur 10 Gehminuten vom Englischen Garten entfernt!). Wir arbeiten bereits seit \u2026. Jahren mit einer Vielzahl von Kanzleimitarbeitern zusammen. Wir begleiten und unterst\u00fctzen dich bei Ihrem Sprachlernprozess mit Kursen f\u00fcr \u201cLegal English f\u00fcr Kanzleimitarbeiter\u201d und sorgen daf\u00fcr, dass du dich auf dem internationalen Kanzleiparkett wohl f\u00fchlen. Du beherrschst W\u00f6rter wie \u201ecourt hearing\u201d, \u201efees\u201d, \u201ejudgment\u201d, \u201eallegation\u201d, \u201econveyancing\u201d, \u201epower of attorney\u201d, die<strong> zur g\u00e4ngigen Berufssprache geh\u00f6ren und die Du auf Anhieb verstehen und anwenden.<\/strong><\/p>\n<h5>WELCHE EINSTIEGSQUALIFIKATIONEN UND AUSBILDUNGEN BEN\u00d6TIGST DU F\u00dcR DIESEN JOB?<\/h5>\n<p>Eine ideale Kombination in Deutschland ist eine betriebswirtschaftliche Qualifikation wie die der FremdsprachenkorrespondentIn (bei guten Englischkenntnissen kann man direkt ins 2. Jahr einsteigen und somit den FKP-Abschluss in einem Jahr absolvieren) zusammen mit der ReFa-Ausbildung.<\/p>\n<p>\u00dcber die ReFa-Ausbildung erwirbst du die f\u00fcr die juristische Assistentent\u00e4tigkeit erforderlichen spezifischen Kenntnisse und F\u00e4higkeiten.<\/p>\n<h6>SPRACHKOMPETENZEN IN VERSCHIEDENEN BEREICHEN VERBESSERN<\/h6>\n<p><strong>Wir sind gespannt auf Ihre Anfrage und beantworten gerne Ihre Fragen. ABLE ist Spezialist auf dem Gebiet \u201cBusiness English\u201d und \u201cLegal English\u201d. Unsere Muttersprachler, die langj\u00e4hrige Berufserfahrung besitzen, sind kompetente Ansprechpartner.<\/strong><\/p>\n<p><strong>Unsere freundlichen und professionellen Trainer sind aufgrund einer Vielzahl Unterrichtsbesuche mit den unterschiedlichen Lern- und Sprachbed\u00fcrfnissen von Legal English Kanzleimitarbeitern vertraut. Kolleginnen und Kollegen, die einmal die Fremdsprachenkorrespondentenausbildung absolviert haben, k\u00f6nnen bei unseren Kursen, gerne ihre Sprach- sowie ihre Rechtskenntnisse auffrischen bzw. erg\u00e4nzen.<\/strong><\/p>\n<p>&nbsp;<\/p>\n<p>&nbsp;<\/p>\n<p>[\/et_pb_text][et_pb_text module_class=&#8221;lhs-border&#8221; _builder_version=&#8221;3.17.2&#8243; custom_padding=&#8221;||20px|&#8221; animation_style=&#8221;fade&#8221;]<\/p>\n<p>&nbsp;<\/p>\n<p>&nbsp;<\/p>\n<p>[\/et_pb_text][\/et_pb_column][et_pb_column type=&#8221;1_4&#8243; _builder_version=&#8221;3.0.47&#8243; parallax=&#8221;off&#8221; parallax_method=&#8221;on&#8221; background_repeat=&#8221;no-repeat&#8221;][et_pb_blurb title=&#8221;OFFICE CALLS&#8221; url=&#8221;\/legal-english\/fuer-kanzleimitarbeiter\/telefonate\/&#8221; use_icon=&#8221;on&#8221; font_icon=&#8221;%%57%%&#8221; icon_placement=&#8221;left&#8221; admin_label=&#8221;KANZLEITELEFONATE&#8221; _builder_version=&#8221;3.0.74&#8243; header_text_color=&#8221;#333333&#8243; text_orientation=&#8221;center&#8221; custom_css_blurb_title=&#8221;padding-top: 5px;&#8221;][\/et_pb_blurb][et_pb_blurb title=&#8221;CLIENT SUPPORT&#8221; url=&#8221;\/legal-english\/fuer-kanzleimitarbeiter\/mandantenbetreuung\/&#8221; use_icon=&#8221;on&#8221; font_icon=&#8221;%%57%%&#8221; icon_placement=&#8221;left&#8221; admin_label=&#8221;MANDANTENBETREUUNG&#8221; _builder_version=&#8221;3.0.74&#8243; header_text_color=&#8221;#333333&#8243; text_orientation=&#8221;center&#8221; custom_css_blurb_title=&#8221;padding-top: 5px;&#8221;][\/et_pb_blurb][et_pb_blurb title=&#8221;LEGAL CORRESPONDENCE&#8221; url=&#8221;\/legal-english\/fuer-kanzleimitarbeiter\/kanzleikorrespondenz\/&#8221; use_icon=&#8221;on&#8221; font_icon=&#8221;%%57%%&#8221; icon_placement=&#8221;left&#8221; admin_label=&#8221;LEGAL CORRESPONDENCE&#8221; _builder_version=&#8221;3.0.74&#8243; header_text_color=&#8221;#333333&#8243; text_orientation=&#8221;center&#8221; custom_css_blurb_title=&#8221;padding-top: 5px;&#8221;][\/et_pb_blurb][et_pb_blurb title=&#8221;DICTATION EXERCISES&#8221; url=&#8221;\/legal-english\/fuer-kanzleimitarbeiter\/diktat-uebungen\/&#8221; use_icon=&#8221;on&#8221; font_icon=&#8221;%%57%%&#8221; icon_placement=&#8221;left&#8221; admin_label=&#8221;DIKTAT-\u00dcBUNGEN&#8221; _builder_version=&#8221;3.0.74&#8243; header_text_color=&#8221;#333333&#8243; text_orientation=&#8221;center&#8221; custom_css_blurb_title=&#8221;padding-top: 5px;&#8221;][\/et_pb_blurb][et_pb_blurb title=&#8221;EMAILS&#8221; url=&#8221;\/legal-english\/fuer-kanzleimitarbeiter\/e-mails\/&#8221; use_icon=&#8221;on&#8221; font_icon=&#8221;%%57%%&#8221; icon_placement=&#8221;left&#8221; admin_label=&#8221;EMAILS&#8221; _builder_version=&#8221;3.0.74&#8243; header_text_color=&#8221;#333333&#8243; text_orientation=&#8221;center&#8221; custom_css_blurb_title=&#8221;padding-top: 5px;&#8221;][\/et_pb_blurb][et_pb_blurb title=&#8221;OFFICE SKILLS&#8221; url=&#8221;\/legal-english\/fuer-kanzleimitarbeiter\/buerokommunikation\/&#8221; use_icon=&#8221;on&#8221; font_icon=&#8221;%%57%%&#8221; icon_placement=&#8221;left&#8221; admin_label=&#8221;B\u00dcROENGLISCH F\u00dcR DIE KANZLEI&#8221; _builder_version=&#8221;3.0.74&#8243; header_text_color=&#8221;#333333&#8243; text_orientation=&#8221;center&#8221; custom_css_blurb_title=&#8221;padding-top: 5px;&#8221;][\/et_pb_blurb][et_pb_divider show_divider=&#8221;off&#8221; height=&#8221;30&#8243; disabled_on=&#8221;on|on|off&#8221; _builder_version=&#8221;3.2&#8243;][\/et_pb_divider][et_pb_sidebar orientation=&#8221;right&#8221; area=&#8221;et_pb_widget_area_2&#8243; show_border=&#8221;off&#8221; admin_label=&#8221;Sidebar (legal blog)&#8221; module_class=&#8221;side-button&#8221; _builder_version=&#8221;3.0.74&#8243; custom_css_widget=&#8221;border-left: 3px solid #f4f4f4;||padding-left: 20px;||padding-top: 10px;&#8221; custom_css_title=&#8221;color: #002768;&#8221; remove_border=&#8221;on&#8221; global_module=&#8221;7540&#8243; saved_tabs=&#8221;all&#8221;][\/et_pb_sidebar][et_pb_sidebar orientation=&#8221;right&#8221; area=&#8221;et_pb_widget_area_3&#8243; show_border=&#8221;off&#8221; admin_label=&#8221;Sidebar (contact)&#8221; module_id=&#8221;sticker&#8221; module_class=&#8221;side-button&#8221; _builder_version=&#8221;3.9&#8243; header_font=&#8221;||||&#8221; header_font_size_tablet=&#8221;18&#8243; header_font_size_phone=&#8221;18&#8243; header_letter_spacing_tablet=&#8221;0px&#8221; header_letter_spacing_phone=&#8221;0px&#8221; header_line_height_tablet=&#8221;1em&#8221; header_line_height_phone=&#8221;1em&#8221; body_font=&#8221;||||&#8221; body_font_size_tablet=&#8221;14&#8243; body_font_size_phone=&#8221;14&#8243; body_letter_spacing_tablet=&#8221;0px&#8221; body_letter_spacing_phone=&#8221;0px&#8221; body_line_height_tablet=&#8221;1.7em&#8221; body_line_height_phone=&#8221;1.7em&#8221; custom_css_widget=&#8221;border-left: 3px solid #f4f4f4;||padding-left: 20px;||padding-top: 10px;&#8221; custom_css_title=&#8221;color: #002768;&#8221; remove_border=&#8221;on&#8221; global_module=&#8221;7507&#8243; saved_tabs=&#8221;all&#8221;][\/et_pb_sidebar][\/et_pb_column][\/et_pb_row][\/et_pb_section][et_pb_section fb_built=&#8221;1&#8243; _builder_version=&#8221;3.0.77&#8243; background_color=&#8221;#002768&#8243; custom_padding=&#8221;0||10px||false|false&#8221; global_module=&#8221;7373&#8243;][et_pb_row _builder_version=&#8221;3.0.47&#8243; background_size=&#8221;initial&#8221; background_position=&#8221;top_left&#8221; background_repeat=&#8221;repeat&#8221;][et_pb_column type=&#8221;4_4&#8243; _builder_version=&#8221;3.0.47&#8243; parallax=&#8221;off&#8221; parallax_method=&#8221;on&#8221;][et_pb_text _builder_version=&#8221;3.2&#8243; text_font=&#8221;|on|||&#8221; text_orientation=&#8221;center&#8221; background_layout=&#8221;dark&#8221; module_alignment=&#8221;center&#8221;]<\/p>\n<div>Profitieren Sie noch heute von unseren qualitativ hochwertigen und effektiven Sprachkursen!<\/div>\n<p>[\/et_pb_text][\/et_pb_column][\/et_pb_row][et_pb_row _builder_version=&#8221;3.0.47&#8243; background_size=&#8221;initial&#8221; background_position=&#8221;top_left&#8221; background_repeat=&#8221;repeat&#8221;][et_pb_column type=&#8221;1_4&#8243; _builder_version=&#8221;3.0.47&#8243; parallax=&#8221;off&#8221; parallax_method=&#8221;on&#8221;][\/et_pb_column][et_pb_column type=&#8221;1_2&#8243; _builder_version=&#8221;3.0.47&#8243; parallax=&#8221;off&#8221; parallax_method=&#8221;on&#8221;][et_pb_button button_url=&#8221;https:\/\/www.able-europe.eu\/en\/bookings\/&#8221; button_text=&#8221;BOOK A COURSE&#8221; button_alignment=&#8221;center&#8221; admin_label=&#8221;Book Button&#8221; _builder_version=&#8221;3.16&#8243; custom_button=&#8221;on&#8221; button_text_size=&#8221;36&#8243; button_text_color=&#8221;#ffffff&#8221; button_bg_color=&#8221;#bf0b32&#8243; button_border_width=&#8221;0&#8243; button_use_icon=&#8221;off&#8221; button_text_size_tablet=&#8221;30&#8243; button_text_size_phone=&#8221;20&#8243; button_text_size_last_edited=&#8221;on|desktop&#8221; background_layout=&#8221;dark&#8221; button_text_color_hover=&#8221;#ffffff&#8221; button_bg_color_hover=&#8221;#000000&#8243; button_text_size__hover_enabled=&#8221;off&#8221; button_text_size__hover=&#8221;null&#8221; button_one_text_size__hover_enabled=&#8221;off&#8221; button_one_text_size__hover=&#8221;null&#8221; button_two_text_size__hover_enabled=&#8221;off&#8221; button_two_text_size__hover=&#8221;null&#8221; button_text_color__hover_enabled=&#8221;on&#8221; button_text_color__hover=&#8221;#ffffff&#8221; button_one_text_color__hover_enabled=&#8221;off&#8221; button_one_text_color__hover=&#8221;null&#8221; button_two_text_color__hover_enabled=&#8221;off&#8221; button_two_text_color__hover=&#8221;null&#8221; button_border_width__hover_enabled=&#8221;off&#8221; button_border_width__hover=&#8221;null&#8221; button_one_border_width__hover_enabled=&#8221;off&#8221; button_one_border_width__hover=&#8221;null&#8221; button_two_border_width__hover_enabled=&#8221;off&#8221; button_two_border_width__hover=&#8221;null&#8221; button_border_color__hover_enabled=&#8221;off&#8221; button_border_color__hover=&#8221;null&#8221; button_one_border_color__hover_enabled=&#8221;off&#8221; button_one_border_color__hover=&#8221;null&#8221; button_two_border_color__hover_enabled=&#8221;off&#8221; button_two_border_color__hover=&#8221;null&#8221; button_border_radius__hover_enabled=&#8221;off&#8221; button_border_radius__hover=&#8221;null&#8221; button_one_border_radius__hover_enabled=&#8221;off&#8221; button_one_border_radius__hover=&#8221;null&#8221; button_two_border_radius__hover_enabled=&#8221;off&#8221; button_two_border_radius__hover=&#8221;null&#8221; button_letter_spacing__hover_enabled=&#8221;off&#8221; button_letter_spacing__hover=&#8221;null&#8221; button_one_letter_spacing__hover_enabled=&#8221;off&#8221; button_one_letter_spacing__hover=&#8221;null&#8221; button_two_letter_spacing__hover_enabled=&#8221;off&#8221; button_two_letter_spacing__hover=&#8221;null&#8221; button_bg_color__hover_enabled=&#8221;on&#8221; button_bg_color__hover=&#8221;#000000&#8243; button_one_bg_color__hover_enabled=&#8221;off&#8221; button_one_bg_color__hover=&#8221;null&#8221; button_two_bg_color__hover_enabled=&#8221;off&#8221; button_two_bg_color__hover=&#8221;null&#8221;][\/et_pb_button][\/et_pb_column][et_pb_column type=&#8221;1_4&#8243; _builder_version=&#8221;3.0.47&#8243; parallax=&#8221;off&#8221; parallax_method=&#8221;on&#8221;][\/et_pb_column][\/et_pb_row][\/et_pb_section]<\/p>\n","protected":false},"excerpt":{"rendered":"<p>[et_pb_section fb_built=&#8221;1&#8243; fullwidth=&#8221;on&#8221; _builder_version=&#8221;3.0.72&#8243; custom_css_main_element=&#8221;border-bottom: 10px solid #f4f4f4;&#8221;][et_pb_fullwidth_slider admin_label=&#8221;Title Header&#8221; _builder_version=&#8221;3.17.2&#8243; header_level=&#8221;h1&#8243; custom_padding=&#8221;|||&#8221; button_text_size__hover_enabled=&#8221;off&#8221; button_text_size__hover=&#8221;null&#8221; button_one_text_size__hover_enabled=&#8221;off&#8221; button_one_text_size__hover=&#8221;null&#8221; button_two_text_size__hover_enabled=&#8221;off&#8221; button_two_text_size__hover=&#8221;null&#8221; button_text_color__hover_enabled=&#8221;off&#8221; button_text_color__hover=&#8221;null&#8221; button_one_text_color__hover_enabled=&#8221;off&#8221; button_one_text_color__hover=&#8221;null&#8221; button_two_text_color__hover_enabled=&#8221;off&#8221; button_two_text_color__hover=&#8221;null&#8221; button_border_width__hover_enabled=&#8221;off&#8221; button_border_width__hover=&#8221;null&#8221; button_one_border_width__hover_enabled=&#8221;off&#8221; button_one_border_width__hover=&#8221;null&#8221; button_two_border_width__hover_enabled=&#8221;off&#8221; button_two_border_width__hover=&#8221;null&#8221; button_border_color__hover_enabled=&#8221;off&#8221; button_border_color__hover=&#8221;null&#8221; button_one_border_color__hover_enabled=&#8221;off&#8221; button_one_border_color__hover=&#8221;null&#8221; button_two_border_color__hover_enabled=&#8221;off&#8221; button_two_border_color__hover=&#8221;null&#8221; button_border_radius__hover_enabled=&#8221;off&#8221; button_border_radius__hover=&#8221;null&#8221; button_one_border_radius__hover_enabled=&#8221;off&#8221; button_one_border_radius__hover=&#8221;null&#8221; button_two_border_radius__hover_enabled=&#8221;off&#8221; button_two_border_radius__hover=&#8221;null&#8221; button_letter_spacing__hover_enabled=&#8221;off&#8221; button_letter_spacing__hover=&#8221;null&#8221; button_one_letter_spacing__hover_enabled=&#8221;off&#8221; button_one_letter_spacing__hover=&#8221;null&#8221; button_two_letter_spacing__hover_enabled=&#8221;off&#8221; button_two_letter_spacing__hover=&#8221;null&#8221; button_bg_color__hover_enabled=&#8221;off&#8221; button_bg_color__hover=&#8221;null&#8221; button_one_bg_color__hover_enabled=&#8221;off&#8221; button_one_bg_color__hover=&#8221;null&#8221; button_two_bg_color__hover_enabled=&#8221;off&#8221; button_two_bg_color__hover=&#8221;null&#8221;][et_pb_slide [&hellip;]<\/p>\n","protected":false},"author":10,"featured_media":0,"parent":8797,"menu_order":88,"comment_status":"closed","ping_status":"closed","template":"","meta":{"_et_pb_use_builder":"on","_et_pb_old_content":"<div id=\"pl-5939\" class=\"panel-layout\">\r\n<div id=\"pg-5939-0\" class=\"panel-grid panel-no-style\" data-style=\"{\"background_display\":\"tile\"}\">\u00a0<\/div>\r\n<div id=\"pg-5939-1\" class=\"panel-grid panel-no-style\" data-style=\"{\"background_display\":\"tile\",\"cell_alignment\":\"flex-start\"}\">\r\n<div id=\"pgc-5939-1-1\" class=\"panel-grid-cell\" data-weight=\"0.29959919839679\">\r\n<div id=\"panel-5939-1-1-5\" class=\"so-panel widget widget_button panel-last-child\" data-index=\"10\" data-style=\"{\"background_display\":\"tile\"}\">\r\n<div class=\"thim-widget-button thim-widget-button-base\"><\/div>\r\n<\/div>\r\n<\/div>\r\n<\/div>\r\n<\/div>","_et_gb_content_width":"","_links_to":"","_links_to_target":""},"_links":{"self":[{"href":"https:\/\/www.able-europe.eu\/en\/wp-json\/wp\/v2\/pages\/8805\/"}],"collection":[{"href":"https:\/\/www.able-europe.eu\/en\/wp-json\/wp\/v2\/pages\/"}],"about":[{"href":"https:\/\/www.able-europe.eu\/en\/wp-json\/wp\/v2\/types\/page\/"}],"author":[{"embeddable":true,"href":"https:\/\/www.able-europe.eu\/en\/wp-json\/wp\/v2\/users\/10\/"}],"replies":[{"embeddable":true,"href":"https:\/\/www.able-europe.eu\/en\/wp-json\/wp\/v2\/comments\/?post=8805"}],"version-history":[{"count":88,"href":"https:\/\/www.able-europe.eu\/en\/wp-json\/wp\/v2\/pages\/8805\/revisions\/"}],"predecessor-version":[{"id":11807,"href":"https:\/\/www.able-europe.eu\/en\/wp-json\/wp\/v2\/pages\/8805\/revisions\/11807\/"}],"up":[{"embeddable":true,"href":"https:\/\/www.able-europe.eu\/en\/wp-json\/wp\/v2\/pages\/8797\/"}],"wp:attachment":[{"href":"https:\/\/www.able-europe.eu\/en\/wp-json\/wp\/v2\/media\/?parent=8805"}],"curies":[{"name":"wp","href":"https:\/\/api.w.org\/{rel}","templated":true}]}}